{"id":3634,"date":"2025-08-18T11:49:08","date_gmt":"2025-08-18T11:49:08","guid":{"rendered":"http:\/\/164.90.209.28\/?page_id=3634"},"modified":"2026-03-27T07:53:18","modified_gmt":"2026-03-27T07:53:18","slug":"recomanda-lande","status":"publish","type":"page","link":"https:\/\/lande-agro.com\/ro\/recomanda-lande\/","title":{"rendered":"Recomand\u0103 LANDE \u0219i prime\u0219ti 300 RON pentru carburant!"},"content":{"rendered":"\n    <section class=\"form-text-left-block has-bg  position-relative mb-7 overflow-hidden\" id=\"form-text-left-block-block_787213b62ea198b4fb90534038cca986\" data-section_id=\"#\">\n        <div class=\"container pb-lg-4\">\n                <div class=\"block-bg l-split-img w-100 l-split-img--l start-0 top-0 overflow-hidden mb-6 mb-lg-0 d-none d-md-block\">\n        <img decoding=\"async\" class=\"img-fluid w-100 h-100 l-of-cover\" src=\"https:\/\/lande-agro.com\/wp-content\/uploads\/2024\/03\/iStock-500593292-1-scaled.jpg\" alt=\"Young plant\" style=\"filter: brightness(60%)\">\n    <\/div>\n                <div class=\"row justify-content-md-between cols\">\n                <div class=\"col-12 col-lg-6 col-xl-5 py-7 my-auto text-lg-white col-text\" style=\"z-index: 10;\">\n                                            <p class=\"text-secondary l-fs-lg-1 text-uppercase fw-semibold\">\n                            OPORTUNITATE PENTRU FERMIERI                         <\/p>\n                                                                <h1 class=\"text-title mb-6 text-uppercase\">\n                            Recomand\u0103 LANDE \u0219i prime\u0219ti 300 RON pentru carburant!                        <\/h1>\n                                                                <div class=\"text-content mb-lg-8 mb-7\">\n                            <p><strong>Fermierii dintr-o comunitate unit\u0103 se ajut\u0103 \u00eentre ei. Dac\u0103 \u0219tii pe cineva care are nevoie de finan\u021bare agricol\u0103, spune-i despre LANDE.<\/strong><\/p>\n<p class=\"\">C\u00e2nd persoana recomandat\u0103 de tine semneaz\u0103 cu un contract cu noi, <strong>tu prime\u0219ti un voucher de carburant de 300 RON de la OMV\/Petrom<\/strong>, ca mul\u021bumire din partea noastr\u0103.<\/p>\n<h2>Cum ob\u021bii voucher-ul\u26a1<\/h2>\n<p class=\"last-child\">Las\u0103-ne datele fermierului care are nevoie de finan\u021bare \u0219i \u00eel contact\u0103m \u00een urm\u0103toarea zi lucr\u0103toare<strong> &#8211; completeaz\u0103 formularul!<\/strong><\/p>\n<p><strong><span style=\"text-decoration: underline\">IMPORTANT: Asigur\u0103-te c\u0103 persoana pe care o recomanzi a\u0219teapt\u0103 apelul nostru!<\/span><\/strong><\/p>\n<p>Ai \u0219i tu nevoie de un \u00eemprumut? <strong><a href=\"https:\/\/lande-agro.com\/ro\/finantare-agricola\/\">Click aici ca s\u0103 aplici<\/a><\/strong> \u0219i te contact\u0103m direct.<\/p>\n<p><a href=\"https:\/\/lande-agro.com\/wp-content\/uploads\/2026\/03\/Regulament-campanie_LANDE_recomandari-1.pdf\"><span style=\"text-decoration: underline\">Regulament campanie<\/span><\/a><\/p>\n                        <\/div>\n                                    <\/div>\n                <div class=\"col-12 col-lg-5 col-xl-6 col-form\">\n                    <div class=\"py-lg-3 mt-7 mb-3 p-4 rounded-5 card bg-white p-4 rounded-5 col-inner\">\n                        <div class=\"\">\n                            <div class=\"\"\n                                 style=\"border-bottom-left-radius: 0 !important; border-top-right-radius: 0 !important;\"\n                                 x-show=\"!formIsSubmitted\">\n                                <div class=\"row align-items-center mb-5 mb-lg-6 gy-4\">\n                                                                            <div class=\"col-3 col-md-2\">\n                                            <img decoding=\"async\" class=\"img-fluid\" src=\"https:\/\/lande-agro.com\/wp-content\/uploads\/2024\/02\/Untitled-design-13.png\" alt=\"Untitled design (13)\">\n                                        <\/div>\n                                                                                                                <div class=\"col-12 col-lg-10\">\n                                            <h2 class=\"text-uppercase h3\">COMPLETEAZ\u0102 FORMULARUL DE RECOMANDARE<\/h2>\n                                        <\/div>\n                                    \n                                <\/div>\n                                <form class=\"row gy-3 needs-validation form-loan-request\" action=\"#\" method=\"post\" novalidate=\"\">\n                                    <div class=\"col-12 col-lg-6\">\n                                        <div class=\"form-floating\">\n                                            <input class=\"form-control fw-bold bg-light\" style=\"padding-left: 42px\" required=\"\" name=\"firstName\" type=\"text\" id=\"firstName-block_787213b62ea198b4fb90534038cca986\" placeholder=\"Ipsum\">\n                                            <img decoding=\"async\" class=\"img-fluid position-absolute ms-3\" style=\"top: 20px\" width=\"20\" src=\"https:\/\/lande-agro.com\/wp-content\/themes\/mp-wbpk-gutenberg\/assets\/media\/icons\/person-circle-primary.svg\" alt=\"Profile icon\">\n                                            <label class=\"fw-semibold ps-6\" style=\"margin-top: -2px\" for=\"firstName-block_787213b62ea198b4fb90534038cca986\">Numele T\u0102U<\/label>\n\n                                            <div class=\"invalid-feedback fw-semibold ms-3\" style=\"font-size: .75rem\">Field is required<\/div>\n                                        <\/div>\n                                    <\/div>\n                                    <div class=\"col-12 col-lg-6\">\n                                        <div class=\"form-floating\">\n                                            <input class=\"form-control fw-bold bg-light\" style=\"padding-left: 42px\" required=\"\" name=\"lastName\" type=\"text\" id=\"lastName-block_787213b62ea198b4fb90534038cca986\" placeholder=\"Ipsum\">\n                                            <img decoding=\"async\" class=\"img-fluid position-absolute ms-3\" style=\"top: 20px\" width=\"20\" src=\"https:\/\/lande-agro.com\/wp-content\/themes\/mp-wbpk-gutenberg\/assets\/media\/icons\/person-circle-primary.svg\" alt=\"Profile icon\">\n                                            <label class=\"fw-semibold ps-6\" style=\"margin-top: -2px\" for=\"lastName-block_787213b62ea198b4fb90534038cca986\">NUME PRIETEN<\/label>\n\n                                            <div class=\"invalid-feedback fw-semibold ms-3\" style=\"font-size: .75rem\">Field is required<\/div>\n                                        <\/div>\n                                    <\/div>\n                                    <div class=\"col-12 col-lg-6\">\n                                        <div class=\"form-floating\">\n                                            <input class=\"form-control bg-light fw-bold\" style=\"padding-left: 42px\" required=\"\" name=\"email\" type=\"email\" id=\"email-block_787213b62ea198b4fb90534038cca986\" placeholder=\"name@example.com\">\n                                            <img decoding=\"async\" class=\"img-fluid position-absolute ms-3\" style=\"top: 23px\" width=\"20\" src=\"https:\/\/lande-agro.com\/wp-content\/themes\/mp-wbpk-gutenberg\/assets\/media\/icons\/envelope-fill-primary.svg\" alt=\"Email icon\">\n                                            <label class=\"fw-semibold ps-6\" style=\"margin-top: -2px\" for=\"email-block_787213b62ea198b4fb90534038cca986\">Emailul T\u0102U<\/label>\n\n                                            <div class=\"invalid-feedback fw-semibold ms-3\" style=\"font-size: .75rem\">Field is required<\/div>\n                                        <\/div>\n                                    <\/div>\n                                    <div class=\"col-12 col-lg-6\">\n                                        <div class=\"form-floating\">\n                                            <input class=\"form-control bg-light fw-bold\" style=\"padding-left: 42px\" required=\"\" name=\"phone\" type=\"tel\" id=\"phone-block_787213b62ea198b4fb90534038cca986\" placeholder=\"+12 345 67 89 00\">\n                                            <img decoding=\"async\" class=\"img-fluid position-absolute ms-3\" style=\"top: 20px\" width=\"20\" src=\"https:\/\/lande-agro.com\/wp-content\/themes\/mp-wbpk-gutenberg\/assets\/media\/icons\/telephone-fill-primary.svg\" alt=\"Profile icon\">\n                                            <label class=\"fw-semibold ps-6\" style=\"margin-top: -2px\" for=\"phone-block_787213b62ea198b4fb90534038cca986\">TELEFON PRIETEN <\/label>\n\n                                            <div class=\"invalid-feedback fw-semibold ms-3\" style=\"font-size: .75rem\">Field is required<\/div>\n                                        <\/div>\n                                    <\/div>\n                                                                                                                                                    <div class=\"position-relative form-floating mb-3\">\n                                            <input\n                                                type=\"text\"\n                                                class=\"form-control bg-light fw-bold ps-6\"\n                                                id=\"referral_code-block_787213b62ea198b4fb90534038cca986\"\n                                                name=\"referral_code\"\n                                                placeholder=\"Num\u0103rul T\u0102U de telefon\"\n                                            >\n                                            <label for=\"referral_code-block_787213b62ea198b4fb90534038cca986\" class=\"fw-semibold ps-6\"\n                                                   style=\"margin-top: -2px\">\n                                                Num\u0103rul T\u0102U de telefon                                            <\/label>\n\n                                                                                            <small class=\"form-check-label l-x-small fw-semibold\"\n                                                       style=\"top: 100%; left: 0.5rem; font-size: 1rem;\">\n                                                    \u2757E important s\u0103 ne la\u0219i num\u0103rul t\u0103u ca s\u0103 te sun\u0103m c\u00e2nd suntem gata s\u0103-\u021bi oferim voucher-ul (dac\u0103 se semneaz\u0103 un contract \u00een urma recomand\u0103rii). Te rug\u0103m s\u0103 te asiguri c\u0103 ai completat corect formularul \u0219i spune-i fermierului recomandat s\u0103 a\u0219tepte un apel de la LANDE.                                                 <\/small>\n                                            \n                                            <span class=\"position-absolute top-50 start-0 translate-middle-y ps-2\">\n                                  <svg xmlns=\"http:\/\/www.w3.org\/2000\/svg\" width=\"18\" height=\"18\" fill=\"currentColor\" class=\"bi bi-person-lines-fill\"\n                                       viewBox=\"0 0 16 16\">\n                                    <path d=\"...\"><\/path> <!-- Replace with desired icon -->\n                                  <\/svg>\n                                <\/span>\n                                        <\/div>\n                                                                        <div class=\"col-12\">\n                                        <div class=\"form-check\">\n                                            <input class=\"form-check-input\" name=\"newsletter\" type=\"checkbox\" value=\"\" id=\"newsletter-block_787213b62ea198b4fb90534038cca986\">\n                                            <label class=\"form-check-label l-x-small fw-semibold\" for=\"newsletter-block_787213b62ea198b4fb90534038cca986\">Sunt de acord s\u0103 primesc nout\u0103\u021bi de la LANDE PLATFORM RUM SRL pe adresa mea de e-mail.<\/label>\n                                        <\/div>\n                                    <\/div>\n                                    <div class=\"col-12\">\n                                        <div class=\"form-check\">\n                                            <input class=\"form-check-input\" required=\"\" name=\"data\" type=\"checkbox\" value=\"\" id=\"data-block_787213b62ea198b4fb90534038cca986\">\n                                            <label class=\"form-check-label l-x-small fw-semibold\" for=\"data-block_787213b62ea198b4fb90534038cca986\">Sunt de acord ca datele mele cu caracter personal incluse \u00een cerere s\u0103 fie prelucrate \u0219i ca, pentru procesarea acestei cereri \u0219i luarea unei decizii, LANDE PLATFORM RUM SRL s\u0103 solicite \u0219i s\u0103 primeasc\u0103 informa\u021bii despre solicitantul de credit \u0219i obliga\u021biile acestuia de la ter\u021be p\u0103r\u021bi (inclusiv de la birouri de informa\u021bii de credit, baze de date, registre etc.).<\/label>\n                                        <\/div>\n                                    <\/div>\n\n                                    <div class=\"col-12 error-message\"><\/div>\n                                    <div class=\"col-12 success-message\"><\/div>\n                                    <div hidden=\"\">\n                                        <input type=\"hidden\" name=\"country_code\" value=\"RO\">\n\n                                        <input type=\"hidden\" name=\"utm_term\" value=\"\">\n                                        <input type=\"hidden\" name=\"utm_campaign\" value=\"\">\n                                        <input type=\"hidden\" name=\"utm_source\" value=\"\">\n                                        <input type=\"hidden\" name=\"utm_medium\" value=\"\">\n                                        <input type=\"hidden\" name=\"utm_content\" value=\"\">\n\n                                        <input type=\"hidden\" name=\"hsa_acc\" value=\"\">\n                                        <input type=\"hidden\" name=\"hsa_cam\" value=\"\">\n                                        <input type=\"hidden\" name=\"hsa_grp\" value=\"\">\n                                        <input type=\"hidden\" name=\"hsa_ad\" value=\"\">\n                                        <input type=\"hidden\" name=\"hsa_src\" value=\"\">\n                                        <input type=\"hidden\" name=\"hsa_tgt\" value=\"\">\n                                        <input type=\"hidden\" name=\"hsa_kw\" value=\"\">\n                                        <input type=\"hidden\" name=\"hsa_mt\" value=\"\">\n                                        <input type=\"hidden\" name=\"hsa_net\" value=\"\">\n                                        <input type=\"hidden\" name=\"hsa_ver\" value=\"\">\n\n                                        <input type=\"hidden\" name=\"gclid\" value=\"\">\n\n                                        <input type=\"hidden\" name=\"pipeline\" value=\"\">\n                                        <input type=\"hidden\" name=\"dealstage\" value=\"\">\n                                        <input type=\"hidden\" name=\"source_url\" value=\"https:\/\/lande-agro.com\/ro\/wp-json\/wp\/v2\/pages\/3634\">\n                                    <\/div>\n                                    <div class=\"turnstile-container\"><\/div>\n                                    <div class=\"col-12 text-lg-center mt-5 mt-lg-3\">\n                                        <button class=\"btn btn-lg btn-primary text-white\" type=\"submit\">TRIMITE RECOMANDAREA<\/button>\n                                    <\/div>\n                                <\/form>\n\n                            <\/div>\n\n                        <\/div>\n\n                    <\/div>\n\n                <\/div>\n\n            <\/div>\n\n        <\/div>\n\n    <\/section>\n\n<script>window.dispatchEvent( new Event('acf\/loaded\/form-text-left-block'));<\/script>","protected":false},"excerpt":{"rendered":"","protected":false},"author":2,"featured_media":0,"parent":0,"menu_order":0,"comment_status":"closed","ping_status":"closed","template":"","meta":{"_acf_changed":false,"inline_featured_image":false,"footnotes":""},"class_list":["post-3634","page","type-page","status-publish","hentry"],"acf":[],"yoast_head":"<!-- This site is optimized with the Yoast SEO plugin v22.4 - https:\/\/yoast.com\/wordpress\/plugins\/seo\/ -->\n<title>Recomand\u0103 LANDE \u0219i prime\u0219ti 300 RON pentru carburant! - LANDE<\/title>\n<meta name=\"robots\" content=\"index, follow, max-snippet:-1, max-image-preview:large, max-video-preview:-1\" \/>\n<link rel=\"canonical\" href=\"https:\/\/lande-agro.com\/ro\/recomanda-lande\/\" \/>\n<meta property=\"og:locale\" content=\"ro_RO\" \/>\n<meta property=\"og:type\" content=\"article\" \/>\n<meta property=\"og:title\" content=\"Recomand\u0103 LANDE \u0219i prime\u0219ti 300 RON pentru carburant! - LANDE\" \/>\n<meta property=\"og:url\" content=\"https:\/\/lande-agro.com\/ro\/recomanda-lande\/\" \/>\n<meta property=\"og:site_name\" content=\"LANDE\" \/>\n<meta property=\"article:modified_time\" content=\"2026-03-27T07:53:18+00:00\" \/>\n<meta name=\"twitter:card\" content=\"summary_large_image\" \/>\n<script type=\"application\/ld+json\" class=\"yoast-schema-graph\">{\"@context\":\"https:\/\/schema.org\",\"@graph\":[{\"@type\":\"WebPage\",\"@id\":\"https:\/\/lande-agro.com\/ro\/recomanda-lande\/\",\"url\":\"https:\/\/lande-agro.com\/ro\/recomanda-lande\/\",\"name\":\"Recomand\u0103 LANDE \u0219i prime\u0219ti 300 RON pentru carburant! - LANDE\",\"isPartOf\":{\"@id\":\"https:\/\/lande-agro.com\/#website\"},\"datePublished\":\"2025-08-18T11:49:08+00:00\",\"dateModified\":\"2026-03-27T07:53:18+00:00\",\"breadcrumb\":{\"@id\":\"https:\/\/lande-agro.com\/ro\/recomanda-lande\/#breadcrumb\"},\"inLanguage\":\"ro-RO\",\"potentialAction\":[{\"@type\":\"ReadAction\",\"target\":[\"https:\/\/lande-agro.com\/ro\/recomanda-lande\/\"]}]},{\"@type\":\"BreadcrumbList\",\"@id\":\"https:\/\/lande-agro.com\/ro\/recomanda-lande\/#breadcrumb\",\"itemListElement\":[{\"@type\":\"ListItem\",\"position\":1,\"name\":\"Home\",\"item\":\"https:\/\/lande-agro.com\/ro\/\"},{\"@type\":\"ListItem\",\"position\":2,\"name\":\"Recomand\u0103 LANDE \u0219i prime\u0219ti 300 RON pentru carburant!\"}]},{\"@type\":\"WebSite\",\"@id\":\"https:\/\/lande-agro.com\/#website\",\"url\":\"https:\/\/lande-agro.com\/\",\"name\":\"LANDE\",\"description\":\"Finan\u021bare pentru fermieri\",\"potentialAction\":[{\"@type\":\"SearchAction\",\"target\":{\"@type\":\"EntryPoint\",\"urlTemplate\":\"https:\/\/lande-agro.com\/?s={search_term_string}\"},\"query-input\":\"required name=search_term_string\"}],\"inLanguage\":\"ro-RO\"}]}<\/script>\n<!-- \/ Yoast SEO plugin. -->","yoast_head_json":{"title":"Recomand\u0103 LANDE \u0219i prime\u0219ti 300 RON pentru carburant! - LANDE","robots":{"index":"index","follow":"follow","max-snippet":"max-snippet:-1","max-image-preview":"max-image-preview:large","max-video-preview":"max-video-preview:-1"},"canonical":"https:\/\/lande-agro.com\/ro\/recomanda-lande\/","og_locale":"ro_RO","og_type":"article","og_title":"Recomand\u0103 LANDE \u0219i prime\u0219ti 300 RON pentru carburant! - LANDE","og_url":"https:\/\/lande-agro.com\/ro\/recomanda-lande\/","og_site_name":"LANDE","article_modified_time":"2026-03-27T07:53:18+00:00","twitter_card":"summary_large_image","schema":{"@context":"https:\/\/schema.org","@graph":[{"@type":"WebPage","@id":"https:\/\/lande-agro.com\/ro\/recomanda-lande\/","url":"https:\/\/lande-agro.com\/ro\/recomanda-lande\/","name":"Recomand\u0103 LANDE \u0219i prime\u0219ti 300 RON pentru carburant! - LANDE","isPartOf":{"@id":"https:\/\/lande-agro.com\/#website"},"datePublished":"2025-08-18T11:49:08+00:00","dateModified":"2026-03-27T07:53:18+00:00","breadcrumb":{"@id":"https:\/\/lande-agro.com\/ro\/recomanda-lande\/#breadcrumb"},"inLanguage":"ro-RO","potentialAction":[{"@type":"ReadAction","target":["https:\/\/lande-agro.com\/ro\/recomanda-lande\/"]}]},{"@type":"BreadcrumbList","@id":"https:\/\/lande-agro.com\/ro\/recomanda-lande\/#breadcrumb","itemListElement":[{"@type":"ListItem","position":1,"name":"Home","item":"https:\/\/lande-agro.com\/ro\/"},{"@type":"ListItem","position":2,"name":"Recomand\u0103 LANDE \u0219i prime\u0219ti 300 RON pentru carburant!"}]},{"@type":"WebSite","@id":"https:\/\/lande-agro.com\/#website","url":"https:\/\/lande-agro.com\/","name":"LANDE","description":"Finan\u021bare pentru fermieri","potentialAction":[{"@type":"SearchAction","target":{"@type":"EntryPoint","urlTemplate":"https:\/\/lande-agro.com\/?s={search_term_string}"},"query-input":"required name=search_term_string"}],"inLanguage":"ro-RO"}]}},"_links":{"self":[{"href":"https:\/\/lande-agro.com\/ro\/wp-json\/wp\/v2\/pages\/3634","targetHints":{"allow":["GET"]}}],"collection":[{"href":"https:\/\/lande-agro.com\/ro\/wp-json\/wp\/v2\/pages"}],"about":[{"href":"https:\/\/lande-agro.com\/ro\/wp-json\/wp\/v2\/types\/page"}],"author":[{"embeddable":true,"href":"https:\/\/lande-agro.com\/ro\/wp-json\/wp\/v2\/users\/2"}],"replies":[{"embeddable":true,"href":"https:\/\/lande-agro.com\/ro\/wp-json\/wp\/v2\/comments?post=3634"}],"version-history":[{"count":113,"href":"https:\/\/lande-agro.com\/ro\/wp-json\/wp\/v2\/pages\/3634\/revisions"}],"predecessor-version":[{"id":5206,"href":"https:\/\/lande-agro.com\/ro\/wp-json\/wp\/v2\/pages\/3634\/revisions\/5206"}],"wp:attachment":[{"href":"https:\/\/lande-agro.com\/ro\/wp-json\/wp\/v2\/media?parent=3634"}],"curies":[{"name":"wp","href":"https:\/\/api.w.org\/{rel}","templated":true}]}}