{"id":4660,"date":"2023-10-11T06:52:24","date_gmt":"2023-10-11T06:52:24","guid":{"rendered":"https:\/\/lande-agro.com\/?page_id=4660"},"modified":"2026-02-13T00:37:48","modified_gmt":"2026-02-13T00:37:48","slug":"polityka-prywatnosci","status":"publish","type":"page","link":"https:\/\/lande-agro.com\/pl\/polityka-prywatnosci\/","title":{"rendered":"Polityka\u00a0prywatno\u015bci"},"content":{"rendered":"\n<section id=\"separator-block-block_30dab50a53847a5d702f27a85a7b29fa\" class=\"separator-block\" data-section_id=\"#\">\n    <div class=\"container mb-7 pb-lg-4\"><\/div>\n<\/section>\n\n<script>window.dispatchEvent( new Event('acf\/loaded\/separator-block'));<\/script>\n\n\n<section class=\"text-with-widget-block \/* Force wrapping for long Polish text *\/ .acf-text-with-widget-block, .acf-text-with-widget-block * {   overflow-wrap: break-word;   word-break: normal;   hyphens: auto; } container mb-7 pb-lg-4\" id=\"text-with-widget-block-block_4fbc147bec0a9fe7706e807c87551a4a\" data-section_id=\"#\">\n    <div class=\"row gx-7 flex-lg-row-reverse\">\n        <div class=\"col-12 col-lg-4\">\n            <ul class=\"list-unstyled row mb-0 gy-4 position-sticky\" style=\"top: 76px\">\n                <li class=\"col-12\">\n                    <div class=\"card bg-light border-0 rounded-4 p-5 text-center\">\n                                                <img decoding=\"async\" class=\"img-fluid col-4 mx-auto mb-4\" src=\"https:\/\/lande-agro.com\/wp-content\/uploads\/2023\/09\/offer-primary.svg\" alt=\"offer-primary\">\n                                                                        <h2 class=\"text-uppercase h5 mb-6\">\n                            Wype\u0142nij formularz i sprawd\u017a swoje mo\u017cliwo\u015bci finansowania                        <\/h2>\n                                                                                                <a href=\"https:\/\/lande-agro.com\/pl\/\" class=\"btn btn-lg btn-primary text-white\"  >\n                            Z\u0142\u00f3\u017c wniosek                        <\/a>\n                                            <\/div>\n                <\/li>\n            <\/ul>\n        <\/div>\n        <div class=\"col-12 col-lg-8\">\n            <div class=\"text\"><p data-start=\"26\" data-end=\"615\">Celem niniejszej polityki prywatno\u015bci jest przekazanie informacji o tym, w jaki spos\u00f3b SIA \u201eLANDE Platform\u201d (dalej \u2013 Sp\u00f3\u0142ka) gromadzi, przetwarza, przechowuje, udost\u0119pnia, usuwa oraz chroni dane osobowe Klienta, zapewniaj\u0105c tym samym, \u017ce dane osobowe Klienta s\u0105 przetwarzane zgodnie z prawem, rzetelnie oraz w spos\u00f3b przejrzysty dla Klienta. Polityka ma zastosowanie do wszelkich informacji posiadanych przez Sp\u00f3\u0142k\u0119, kt\u00f3re dotycz\u0105 zidentyfikowanej lub mo\u017cliwej do zidentyfikowania osoby fizycznej, do wszelkiego przetwarzania danych osoby fizycznej oraz do us\u0142ug \u015bwiadczonych przez Sp\u00f3\u0142k\u0119.<\/p>\n<p data-start=\"617\" data-end=\"1057\">W niniejszej polityce prywatno\u015bci przedstawiono og\u00f3lny opis sposobu, w jaki Sp\u00f3\u0142ka przetwarza i chroni dane osobowe. Bardziej szczeg\u00f3\u0142owe informacje dotycz\u0105ce przetwarzania i ochrony danych osobowych s\u0105 opisane w umowach oraz w sekcji strony internetowej Sp\u00f3\u0142ki \u201eProcedura ochrony danych osobowych\u201d. Zastosowanie maj\u0105 Og\u00f3lne rozporz\u0105dzenie o ochronie danych (RODO) Unii Europejskiej (GDPR), jak r\u00f3wnie\u017c odpowiednie przepisy prawa krajowego.<\/p>\n<p data-start=\"1059\" data-end=\"1362\"><strong data-start=\"1059\" data-end=\"1094\">Administrator danych osobowych:<\/strong><\/p>\n<p><span data-contrast=\"auto\">Administratorem danych osobowych jest: SIA \u201cLANDE Platform\u201d, Nr.40203386735<\/span><br \/>\nAdres: <span class=\"NormalTextRun SpellingErrorV2Themed SCXW168761332 BCX8\">R\u012bga<\/span><span class=\"NormalTextRun SCXW168761332 BCX8\">, Roberta\u00a0<\/span><span class=\"NormalTextRun SpellingErrorV2Themed SCXW168761332 BCX8\">Hir\u0161a<\/span>\u00a0<span class=\"NormalTextRun SpellingErrorV2Themed SCXW168761332 BCX8\">iela<\/span><span class=\"NormalTextRun SCXW168761332 BCX8\">\u00a01, LV-1045<\/span>;<\/p>\n<p>Dane kontaktowe Sp\u00f3\u0142ki w sprawach zwi\u0105zanych z przetwarzaniem danych osobowych: e-mail: poland@lande-agro.com<\/p>\n<p data-start=\"1364\" data-end=\"1421\"><strong data-start=\"1364\" data-end=\"1421\">Cele i podstawa prawna przetwarzania danych osobowych<\/strong><\/p>\n<p data-start=\"1423\" data-end=\"1461\">Sp\u00f3\u0142ka przetwarza dane osobowe w celu:<\/p>\n<ul data-start=\"1463\" data-end=\"2032\">\n<li data-start=\"1463\" data-end=\"1487\">\n<p data-start=\"1465\" data-end=\"1487\">identyfikacji osoby;<\/p>\n<\/li>\n<li data-start=\"1488\" data-end=\"1681\">\n<p data-start=\"1490\" data-end=\"1681\">\u015bwiadczenia us\u0142ug (przygotowanie i zawarcie umowy, obs\u0142uga klienta, realizacja zobowi\u0105za\u0144 umownych, administracja rozlicze\u0144, utrzymanie strony internetowej oraz poprawa jej funkcjonowania);<\/p>\n<\/li>\n<li data-start=\"1682\" data-end=\"1800\">\n<p data-start=\"1684\" data-end=\"1800\">wype\u0142niania przez Sp\u00f3\u0142k\u0119 obowi\u0105zk\u00f3w wynikaj\u0105cych z przepis\u00f3w prawa, w tym wykrywania i zapobiegania przest\u0119pstwom;<\/p>\n<\/li>\n<li data-start=\"1801\" data-end=\"1962\">\n<p data-start=\"1803\" data-end=\"1962\">zapewnienia i poprawy jako\u015bci us\u0142ug (identyfikacja klient\u00f3w Sp\u00f3\u0142ki, w tym informowanie klient\u00f3w o nowo\u015bciach, przeprowadzanie pomiar\u00f3w satysfakcji klient\u00f3w);<\/p>\n<\/li>\n<li data-start=\"1963\" data-end=\"1997\">\n<p data-start=\"1965\" data-end=\"1997\">promocji i dystrybucji Us\u0142ugi;<\/p>\n<\/li>\n<li data-start=\"1998\" data-end=\"2032\">\n<p data-start=\"2000\" data-end=\"2032\">planowania biznesowego i analiz.<\/p>\n<\/li>\n<\/ul>\n<p data-start=\"2034\" data-end=\"2085\"><strong data-start=\"2034\" data-end=\"2085\">Podstawy prawne przetwarzania danych osobowych:<\/strong><\/p>\n<ul data-start=\"2087\" data-end=\"2277\">\n<li data-start=\"2087\" data-end=\"2134\">\n<p data-start=\"2089\" data-end=\"2134\">nawi\u0105zanie i realizacja stosunk\u00f3w umownych;<\/p>\n<\/li>\n<li data-start=\"2135\" data-end=\"2170\">\n<p data-start=\"2137\" data-end=\"2170\">wype\u0142nienie obowi\u0105zku prawnego;<\/p>\n<\/li>\n<li data-start=\"2171\" data-end=\"2241\">\n<p data-start=\"2173\" data-end=\"2241\">ochrona prawnie uzasadnionych interes\u00f3w Sp\u00f3\u0142ki lub osoby trzeciej;<\/p>\n<\/li>\n<li data-start=\"2242\" data-end=\"2277\">\n<p data-start=\"2244\" data-end=\"2277\">zgoda osoby, kt\u00f3rej dane dotycz\u0105.<\/p>\n<\/li>\n<\/ul>\n<p data-start=\"2279\" data-end=\"2307\"><strong data-start=\"2279\" data-end=\"2307\">Ochrona danych osobowych<\/strong><\/p>\n<p data-start=\"2309\" data-end=\"2557\">Sp\u00f3\u0142ka przetwarza dane osobowe zgodnie z wymogami przepis\u00f3w prawa, wykorzystuj\u0105c mo\u017cliwo\u015bci nowoczesnych technologii, z uwzgl\u0119dnieniem istniej\u0105cych zagro\u017ce\u0144 dla prywatno\u015bci oraz dost\u0119pnych Sp\u00f3\u0142ce zasob\u00f3w organizacyjnych, finansowych i technicznych.<\/p>\n<p data-start=\"2559\" data-end=\"2739\">Sp\u00f3\u0142ka przetwarza dane osobowe osoby, kt\u00f3rej dane dotycz\u0105, wy\u0142\u0105cznie w celu osi\u0105gni\u0119cia zgodnego z prawem i z g\u00f3ry okre\u015blonego celu zwi\u0105zanego z us\u0142ugami \u015bwiadczonymi przez Sp\u00f3\u0142k\u0119.<\/p>\n<p data-start=\"2741\" data-end=\"2956\">W przetwarzaniu danych osobowych przestrzegana jest zasada proporcjonalno\u015bci, zgodnie z kt\u00f3r\u0105 Sp\u00f3\u0142ka ma prawo przetwarza\u0107 wy\u0142\u0105cznie takie dane i w takim zakresie, jaki jest niezb\u0119dny do osi\u0105gni\u0119cia okre\u015blonego celu.<\/p>\n<p data-start=\"2958\" data-end=\"3670\">Sp\u00f3\u0142ka jest uprawniona do przekazywania niezb\u0119dnych danych osobowych swoim partnerom wsp\u00f3\u0142pracuj\u0105cym na podstawie umowy zawartej pomi\u0119dzy stronami. Je\u017celi partnerzy wsp\u00f3\u0142pracuj\u0105cy przetwarzaj\u0105 dane osobowe posiadane przez Sp\u00f3\u0142k\u0119, w\u00f3wczas dany partner wsp\u00f3\u0142pracuj\u0105cy jest uznawany za podmiot przetwarzaj\u0105cy dane osobowe (procesora). Zgodnie z umow\u0105 zawart\u0105 pomi\u0119dzy stronami, partnerzy wsp\u00f3\u0142pracuj\u0105cy Sp\u00f3\u0142ki (jako podmioty przetwarzaj\u0105ce dane osobowe) zapewniaj\u0105 spe\u0142nienie wymog\u00f3w dotycz\u0105cych przetwarzania i ochrony danych osobowych zgodnie z wymaganiami Sp\u00f3\u0142ki oraz przepisami prawa, a tak\u017ce nie wykorzystuj\u0105 danych osobowych do cel\u00f3w innych ni\u017c wynikaj\u0105ce z zawartej umowy oraz obowi\u0105zuj\u0105cych przepis\u00f3w prawa.<\/p>\n<p data-start=\"3672\" data-end=\"3814\">Sp\u00f3\u0142ka nie przekazuje danych osobowych do pa\u0144stw trzecich (pa\u0144stw nienale\u017c\u0105cych do Unii Europejskiej ani Europejskiego Obszaru Gospodarczego).<\/p>\n<p data-start=\"3816\" data-end=\"3871\"><strong data-start=\"3816\" data-end=\"3871\">Korzystanie ze strony internetowej i plik\u00f3w cookies<\/strong><\/p>\n<p data-start=\"3873\" data-end=\"4179\">Korzystaj\u0105c ze strony internetowej Lande.lv, odwiedzaj\u0105cy mog\u0105 przekazywa\u0107 swoje dane osobowe Sp\u00f3\u0142ce. Sp\u00f3\u0142ka gromadzi zestaw danych ka\u017cdorazowo, gdy osoba odwiedza stron\u0119 internetow\u0105 Sp\u00f3\u0142ki. Dane te s\u0105 przechowywane w plikach dziennika serwera. Ze strony internetowej mog\u0105 by\u0107 pozyskiwane nast\u0119puj\u0105ce dane:<\/p>\n<ul data-start=\"4181\" data-end=\"4576\">\n<li data-start=\"4181\" data-end=\"4211\">\n<p data-start=\"4183\" data-end=\"4211\">typ i wersja przegl\u0105darki;<\/p>\n<\/li>\n<li data-start=\"4212\" data-end=\"4241\">\n<p data-start=\"4214\" data-end=\"4241\">typ systemu operacyjnego;<\/p>\n<\/li>\n<li data-start=\"4242\" data-end=\"4332\">\n<p data-start=\"4244\" data-end=\"4332\">strona internetowa, z kt\u00f3rej nast\u0105pi\u0142o przekierowanie na nasz\u0105 stron\u0119 (tzw. referrer);<\/p>\n<\/li>\n<li data-start=\"4333\" data-end=\"4347\">\n<p data-start=\"4335\" data-end=\"4347\">podstrony;<\/p>\n<\/li>\n<li data-start=\"4348\" data-end=\"4398\">\n<p data-start=\"4350\" data-end=\"4398\">miejsce i czas dost\u0119pu do strony internetowej;<\/p>\n<\/li>\n<li data-start=\"4399\" data-end=\"4444\">\n<p data-start=\"4401\" data-end=\"4444\">adres protoko\u0142u internetowego (adres IP);<\/p>\n<\/li>\n<li data-start=\"4445\" data-end=\"4478\">\n<p data-start=\"4447\" data-end=\"4478\">dostawca us\u0142ug internetowych;<\/p>\n<\/li>\n<li data-start=\"4479\" data-end=\"4576\">\n<p data-start=\"4481\" data-end=\"4576\">inne podobne informacje i dane, kt\u00f3re mog\u0105 by\u0107 wykorzystane w przypadku atak\u00f3w cybernetycznych.<\/p>\n<\/li>\n<\/ul>\n<p data-start=\"4578\" data-end=\"5415\">Sp\u00f3\u0142ka mo\u017ce r\u00f3wnie\u017c uzyskiwa\u0107 i przetwarza\u0107 informacje zwi\u0105zane z komunikacj\u0105 w\u0142a\u015bciciela danych ze Sp\u00f3\u0142k\u0105. S\u0105 to dane komunikacyjne obejmuj\u0105ce tre\u015b\u0107 komunikacji oraz zwi\u0105zane z ni\u0105 metadane. Strona internetowa generuje metadane zwi\u0105zane z komunikacj\u0105 za po\u015brednictwem formularzy kontaktowych. Dane komunikacyjne mog\u0105 by\u0107 przetwarzane w celu dalszego \u015bwiadczenia us\u0142ug Sp\u00f3\u0142ki, utrzymania bezpiecze\u0144stwa stron internetowych i us\u0142ug, tworzenia kopii zapasowych baz danych Sp\u00f3\u0142ki oraz\/lub komunikowania si\u0119 z w\u0142a\u015bcicielem danych. Podstaw\u0105 prawn\u0105 takiego przetwarzania danych jest zgoda w\u0142a\u015bciciela danych na polityk\u0119 prywatno\u015bci i warunki korzystania ze strony Sp\u00f3\u0142ki. Korzystaj\u0105c z og\u00f3lnych danych osobowych i informacji, Sp\u00f3\u0142ka nie wyci\u0105ga \u017cadnych wniosk\u00f3w dotycz\u0105cych osoby, kt\u00f3rej dane dotycz\u0105. Uzyskane informacje s\u0105 wykorzystywane do:<\/p>\n<ul data-start=\"5417\" data-end=\"5715\">\n<li data-start=\"5417\" data-end=\"5474\">\n<p data-start=\"5419\" data-end=\"5474\">prawid\u0142owego wy\u015bwietlania tre\u015bci strony internetowej;<\/p>\n<\/li>\n<li data-start=\"5475\" data-end=\"5537\">\n<p data-start=\"5477\" data-end=\"5537\">optymalizacji tre\u015bci i\/lub reklam na stronie internetowej;<\/p>\n<\/li>\n<li data-start=\"5538\" data-end=\"5633\">\n<p data-start=\"5540\" data-end=\"5633\">zapewnienia d\u0142ugoterminowej funkcjonalno\u015bci system\u00f3w informatycznych i strony internetowej;<\/p>\n<\/li>\n<li data-start=\"5634\" data-end=\"5715\">\n<p data-start=\"5636\" data-end=\"5715\">przekazywania organom \u015bcigania informacji dozwolonych i wymaganych przez prawo.<\/p>\n<\/li>\n<\/ul>\n<p data-start=\"5717\" data-end=\"6662\">Sp\u00f3\u0142ka analizuje zebrane dane i informacje anonimowo do cel\u00f3w analitycznych. Celem Sp\u00f3\u0142ki jest zwi\u0119kszenie ochrony danych oraz zapewnienie maksymalnego poziomu ochrony danych osobowych w procesie ich przetwarzania. Anonimowe dane serwera s\u0105 przechowywane oddzielnie od danych osobowych przekazanych przez w\u0142a\u015bciciela danych. U\u017cytkownicy mog\u0105 korzysta\u0107 z tych technologii w celu gromadzenia informacji o komunikacji subskrybenta z e-mailami wysy\u0142anymi przez Sp\u00f3\u0142k\u0119, np. w celu sprawdzenia, czy wiadomo\u015bci zosta\u0142y otwarte oraz czy klikni\u0119to zawarte w nich hiper\u0142\u0105cza. Informacje te mog\u0105 by\u0107 uzyskiwane od wszystkich subskrybent\u00f3w newslettera. Sp\u00f3\u0142ka nie wynajmuje, nie sprzedaje ani nie wymienia wynik\u00f3w uzyskanych z wykorzystania danych osobowych strony internetowej osobom trzecim. Wyj\u0105tkowe przypadki, w kt\u00f3rych dane osobowe mog\u0105 zosta\u0107 przekazane osobom trzecim, obejmuj\u0105 sytuacje, gdy ujawnienie informacji jest wymagane przez przepisy prawa.<\/p>\n<p data-start=\"6664\" data-end=\"6704\"><strong data-start=\"6664\" data-end=\"6704\">Pliki cookies i technologie \u015bledz\u0105ce<\/strong><\/p>\n<p data-start=\"6706\" data-end=\"7968\">Wiele stron internetowych korzysta z plik\u00f3w cookies, a wiele cookies zawiera tzw. identyfikator pliku cookie. Identyfikator cookie to unikalny numer identyfikacyjny przypisany do pliku cookie. Sk\u0142ada si\u0119 on z ci\u0105gu znak\u00f3w, za pomoc\u0105 kt\u00f3rych strony internetowe i serwery identyfikuj\u0105 u\u017cytkownik\u00f3w przegl\u0105darek. Umo\u017cliwia to rozr\u00f3\u017cnienie wcze\u015bniej odwiedzanych stron i serwer\u00f3w oraz rozpoznanie konkretnej osoby, kt\u00f3rej dane dotycz\u0105, spo\u015br\u00f3d innych u\u017cytkownik\u00f3w strony. Sp\u00f3\u0142ka korzysta z Google Analytics \u2013 us\u0142ugi oferowanej przez firm\u0119 Google. Dzi\u0119ki wykorzystaniu cookies Sp\u00f3\u0142ka mo\u017ce zapewni\u0107 u\u017cytkownikom przyjazne \u015brodowisko oraz inne us\u0142ugi, kt\u00f3re nie by\u0142yby dost\u0119pne bez u\u017cycia cookies. Informacje zawarte w plikach cookies obejmuj\u0105 dane dotycz\u0105ce korzystania ze strony internetowej (w tym adres IP osoby, kt\u00f3rej dane dotycz\u0105). Google wykorzystuje te informacje do oceny korzystania ze strony internetowej oraz przekazywania raport\u00f3w Sp\u00f3\u0142ce. Dzi\u0119ki cookies mo\u017cliwa jest optymalizacja strony internetowej z uwzgl\u0119dnieniem preferencji u\u017cytkownik\u00f3w. Odwiedzaj\u0105cy stron\u0119, kt\u00f3ry korzysta z cookies, nie musi ka\u017cdorazowo wprowadza\u0107 tych samych danych, poniewa\u017c s\u0105 one zapami\u0119tywane automatycznie. Pliki cookies s\u0105 przechowywane w systemie komputerowym u\u017cytkownika.<\/p>\n<p data-start=\"7970\" data-end=\"8728\">W\u0142a\u015bciciel danych mo\u017ce w dowolnym momencie zablokowa\u0107 dost\u0119p do cookies na stronie internetowej Sp\u00f3\u0142ki. W tym celu nale\u017cy dokona\u0107 odpowiednich ustawie\u0144 w przegl\u0105darce internetowej, blokuj\u0105c dost\u0119p do cookies. Ponadto ju\u017c zapisane pliki cookies mog\u0105 zosta\u0107 w ka\u017cdej chwili usuni\u0119te za pomoc\u0105 przegl\u0105darki lub innego oprogramowania umo\u017cliwiaj\u0105cego zarz\u0105dzanie polityk\u0105 prywatno\u015bci. Praktycznie wszystkie popularne przegl\u0105darki umo\u017cliwiaj\u0105 usuwanie cookies poprzez odpowiednie ustawienia. Je\u017celi osoba, kt\u00f3rej dane dotycz\u0105, zdecyduje si\u0119 nie korzysta\u0107 z funkcji cookies w swojej przegl\u0105darce, funkcjonalno\u015b\u0107 strony internetowej Sp\u00f3\u0142ki mo\u017ce by\u0107 ograniczona. Sp\u00f3\u0142ka wykorzystuje automatycznie uzyskane informacje oraz inne dane pozyskane za pomoc\u0105 cookies w celu:<\/p>\n<ul data-start=\"8730\" data-end=\"9004\">\n<li data-start=\"8730\" data-end=\"8826\">\n<p data-start=\"8732\" data-end=\"8826\">personalizacji us\u0142ug, np. poprzez zapami\u0119tywanie informacji wprowadzonych przez u\u017cytkownika;<\/p>\n<\/li>\n<li data-start=\"8827\" data-end=\"8891\">\n<p data-start=\"8829\" data-end=\"8891\">dostarczania indywidualnie dopasowanych tre\u015bci i informacji;<\/p>\n<\/li>\n<li data-start=\"8892\" data-end=\"8971\">\n<p data-start=\"8894\" data-end=\"8971\">monitorowania i analizowania skuteczno\u015bci us\u0142ug oraz dzia\u0142a\u0144 os\u00f3b trzecich;<\/p>\n<\/li>\n<li data-start=\"8972\" data-end=\"9004\">\n<p data-start=\"8974\" data-end=\"9004\">\u015bledzenia statystyk odwiedzin.<\/p>\n<\/li>\n<\/ul>\n<p data-start=\"9006\" data-end=\"9034\"><strong data-start=\"9006\" data-end=\"9034\">Prawa w\u0142a\u015bciciela danych<\/strong><\/p>\n<p data-start=\"9036\" data-end=\"10061\">Zgodnie z przepisami prawa osoba, kt\u00f3rej dane dotycz\u0105, ma prawo \u017c\u0105da\u0107 od Sp\u00f3\u0142ki dost\u0119pu do swoich danych osobowych, a tak\u017ce \u017c\u0105da\u0107 ich uzupe\u0142nienia, poprawienia lub usuni\u0119cia, ograniczenia przetwarzania w odniesieniu do Klienta, prawo wniesienia sprzeciwu wobec przetwarzania, jak r\u00f3wnie\u017c prawo do przenoszenia danych. Prawa te mog\u0105 by\u0107 wykonywane, o ile przetwarzanie danych nie wynika z obowi\u0105zk\u00f3w na\u0142o\u017conych na Sp\u00f3\u0142k\u0119 przez obowi\u0105zuj\u0105ce przepisy prawa, realizowanych w interesie publicznym. Sp\u00f3\u0142ka szanuje prawa do prywatno\u015bci osoby, kt\u00f3rej dane dotycz\u0105, i zapewnia dost\u0119p do informacji zebranych przez Sp\u00f3\u0142k\u0119. Osoba, kt\u00f3rej dane dotycz\u0105, mo\u017ce uzyska\u0107 szczeg\u00f3\u0142owe wyja\u015bnienia dotycz\u0105ce sposobu wykorzystania i\/lub przechowywania tych informacji. Je\u017celi osoba, kt\u00f3rej dane dotycz\u0105, chce uzyska\u0107 dost\u0119p do danych osobowych, dokona\u0107 ich zmiany, za\u017c\u0105da\u0107 ich usuni\u0119cia lub zrezygnowa\u0107 z komunikacji ze Sp\u00f3\u0142k\u0105, mo\u017ce skontaktowa\u0107 si\u0119 ze Sp\u00f3\u0142k\u0105, pisz\u0105c na adres e-mail: poland@lande-agro.com<\/p>\n<p data-start=\"10063\" data-end=\"10094\"><strong data-start=\"10063\" data-end=\"10094\">Zmiany polityki prywatno\u015bci<\/strong><\/p>\n<p data-start=\"10096\" data-end=\"10387\" data-is-last-node=\"\" data-is-only-node=\"\">Sp\u00f3\u0142ka ma prawo do zmiany niniejszej polityki prywatno\u015bci poprzez opublikowanie jej zaktualizowanej wersji na stronie internetowej. Osobie, kt\u00f3rej dane dotycz\u0105, zaleca si\u0119 okresowe sprawdzanie tej strony w celu upewnienia si\u0119, \u017ce obowi\u0105zuj\u0105ca polityka prywatno\u015bci odpowiada jej oczekiwaniom.<\/p>\n<\/div>\n        <\/div>\n    <\/div>\n<\/section>\n\n<script>window.dispatchEvent( new Event('acf\/loaded\/text-with-widget-block'));<\/script>","protected":false},"excerpt":{"rendered":"","protected":false},"author":2,"featured_media":0,"parent":0,"menu_order":0,"comment_status":"closed","ping_status":"closed","template":"","meta":{"_acf_changed":false,"inline_featured_image":false,"footnotes":""},"class_list":["post-4660","page","type-page","status-publish","hentry"],"acf":[],"yoast_head":"<!-- This site is optimized with the Yoast SEO plugin v22.4 - https:\/\/yoast.com\/wordpress\/plugins\/seo\/ -->\n<title>Polityka\u00a0prywatno\u015bci - LANDE<\/title>\n<meta name=\"robots\" content=\"index, follow, max-snippet:-1, max-image-preview:large, max-video-preview:-1\" \/>\n<link rel=\"canonical\" href=\"https:\/\/lande-agro.com\/pl\/polityka-prywatnosci\/\" \/>\n<meta property=\"og:locale\" content=\"pl_PL\" \/>\n<meta property=\"og:type\" content=\"article\" \/>\n<meta property=\"og:title\" content=\"Polityka\u00a0prywatno\u015bci - LANDE\" \/>\n<meta property=\"og:url\" content=\"https:\/\/lande-agro.com\/pl\/polityka-prywatnosci\/\" \/>\n<meta property=\"og:site_name\" content=\"LANDE\" \/>\n<meta property=\"article:modified_time\" content=\"2026-02-13T00:37:48+00:00\" \/>\n<meta name=\"twitter:card\" content=\"summary_large_image\" \/>\n<script type=\"application\/ld+json\" class=\"yoast-schema-graph\">{\"@context\":\"https:\/\/schema.org\",\"@graph\":[{\"@type\":\"WebPage\",\"@id\":\"https:\/\/lande-agro.com\/pl\/polityka-prywatnosci\/\",\"url\":\"https:\/\/lande-agro.com\/pl\/polityka-prywatnosci\/\",\"name\":\"Polityka\u00a0prywatno\u015bci - LANDE\",\"isPartOf\":{\"@id\":\"https:\/\/lande-agro.com\/ro\/#website\"},\"datePublished\":\"2023-10-11T06:52:24+00:00\",\"dateModified\":\"2026-02-13T00:37:48+00:00\",\"breadcrumb\":{\"@id\":\"https:\/\/lande-agro.com\/pl\/polityka-prywatnosci\/#breadcrumb\"},\"inLanguage\":\"pl-PL\",\"potentialAction\":[{\"@type\":\"ReadAction\",\"target\":[\"https:\/\/lande-agro.com\/pl\/polityka-prywatnosci\/\"]}]},{\"@type\":\"BreadcrumbList\",\"@id\":\"https:\/\/lande-agro.com\/pl\/polityka-prywatnosci\/#breadcrumb\",\"itemListElement\":[{\"@type\":\"ListItem\",\"position\":1,\"name\":\"Home\",\"item\":\"https:\/\/lande-agro.com\/pl\/\"},{\"@type\":\"ListItem\",\"position\":2,\"name\":\"Polityka\u00a0prywatno\u015bci\"}]},{\"@type\":\"WebSite\",\"@id\":\"https:\/\/lande-agro.com\/ro\/#website\",\"url\":\"https:\/\/lande-agro.com\/ro\/\",\"name\":\"LANDE\",\"description\":\"Finan\u021bare pentru fermieri\",\"potentialAction\":[{\"@type\":\"SearchAction\",\"target\":{\"@type\":\"EntryPoint\",\"urlTemplate\":\"https:\/\/lande-agro.com\/ro\/?s={search_term_string}\"},\"query-input\":\"required name=search_term_string\"}],\"inLanguage\":\"pl-PL\"}]}<\/script>\n<!-- \/ Yoast SEO plugin. -->","yoast_head_json":{"title":"Polityka\u00a0prywatno\u015bci - LANDE","robots":{"index":"index","follow":"follow","max-snippet":"max-snippet:-1","max-image-preview":"max-image-preview:large","max-video-preview":"max-video-preview:-1"},"canonical":"https:\/\/lande-agro.com\/pl\/polityka-prywatnosci\/","og_locale":"pl_PL","og_type":"article","og_title":"Polityka\u00a0prywatno\u015bci - LANDE","og_url":"https:\/\/lande-agro.com\/pl\/polityka-prywatnosci\/","og_site_name":"LANDE","article_modified_time":"2026-02-13T00:37:48+00:00","twitter_card":"summary_large_image","schema":{"@context":"https:\/\/schema.org","@graph":[{"@type":"WebPage","@id":"https:\/\/lande-agro.com\/pl\/polityka-prywatnosci\/","url":"https:\/\/lande-agro.com\/pl\/polityka-prywatnosci\/","name":"Polityka\u00a0prywatno\u015bci - LANDE","isPartOf":{"@id":"https:\/\/lande-agro.com\/ro\/#website"},"datePublished":"2023-10-11T06:52:24+00:00","dateModified":"2026-02-13T00:37:48+00:00","breadcrumb":{"@id":"https:\/\/lande-agro.com\/pl\/polityka-prywatnosci\/#breadcrumb"},"inLanguage":"pl-PL","potentialAction":[{"@type":"ReadAction","target":["https:\/\/lande-agro.com\/pl\/polityka-prywatnosci\/"]}]},{"@type":"BreadcrumbList","@id":"https:\/\/lande-agro.com\/pl\/polityka-prywatnosci\/#breadcrumb","itemListElement":[{"@type":"ListItem","position":1,"name":"Home","item":"https:\/\/lande-agro.com\/pl\/"},{"@type":"ListItem","position":2,"name":"Polityka\u00a0prywatno\u015bci"}]},{"@type":"WebSite","@id":"https:\/\/lande-agro.com\/ro\/#website","url":"https:\/\/lande-agro.com\/ro\/","name":"LANDE","description":"Finan\u021bare pentru fermieri","potentialAction":[{"@type":"SearchAction","target":{"@type":"EntryPoint","urlTemplate":"https:\/\/lande-agro.com\/ro\/?s={search_term_string}"},"query-input":"required name=search_term_string"}],"inLanguage":"pl-PL"}]}},"_links":{"self":[{"href":"https:\/\/lande-agro.com\/pl\/wp-json\/wp\/v2\/pages\/4660","targetHints":{"allow":["GET"]}}],"collection":[{"href":"https:\/\/lande-agro.com\/pl\/wp-json\/wp\/v2\/pages"}],"about":[{"href":"https:\/\/lande-agro.com\/pl\/wp-json\/wp\/v2\/types\/page"}],"author":[{"embeddable":true,"href":"https:\/\/lande-agro.com\/pl\/wp-json\/wp\/v2\/users\/2"}],"replies":[{"embeddable":true,"href":"https:\/\/lande-agro.com\/pl\/wp-json\/wp\/v2\/comments?post=4660"}],"version-history":[{"count":26,"href":"https:\/\/lande-agro.com\/pl\/wp-json\/wp\/v2\/pages\/4660\/revisions"}],"predecessor-version":[{"id":5127,"href":"https:\/\/lande-agro.com\/pl\/wp-json\/wp\/v2\/pages\/4660\/revisions\/5127"}],"wp:attachment":[{"href":"https:\/\/lande-agro.com\/pl\/wp-json\/wp\/v2\/media?parent=4660"}],"curies":[{"name":"wp","href":"https:\/\/api.w.org\/{rel}","templated":true}]}}